{"id":11,"date":"2016-06-26T16:58:26","date_gmt":"2016-06-26T16:58:26","guid":{"rendered":"http:\/\/webredox.net\/demo\/wp\/lily\/demo1\/?page_id=11"},"modified":"2025-01-29T09:08:47","modified_gmt":"2025-01-29T09:08:47","slug":"despre-noi","status":"publish","type":"page","link":"https:\/\/trattoriatoscana.ro\/index.php\/despre-noi\/","title":{"rendered":"Despre noi"},"content":{"rendered":"<section class=\"wpb-content-wrapper\">[vc_row row_type=&#8221;main-section&#8221; wr_section_layout=&#8221;section_grid&#8221; wr_section_layout_grid=&#8221;section_layout_grid_flat&#8221; wr_fluid_style=&#8221;overlay-boxes&#8221; wr_class_style=&#8221;layer_z&#8221; wr_z_index=&#8221;10&#8243;][vc_column width=&#8221;1\/2&#8243;]<div class=\"sec-text  \" style=\"margin:; padding:;\"><div class=\"overlay-boxes__text with-bg-right \"><div class=\"overlay-boxes__text-inside\"><h1 class=\"main-header\" style=\"color:; font-size:; font-weight:; line-height:; text-align:; text-transform:;\">Despre Restaurant<\/h1><p class=\"deco-text remove-pb-t\" style=\"color:; font-size:; font-weight:; line-height:; text-align:; text-transform:;\"><strong>Trattoria Toscana<\/strong>\u00a0aduce savoarea Italiei, \u0219i mai exact a Toscanei, pentru to\u021bi aceia dintre voi care iubi\u021bi si aprecia\u021bi buc\u0103t\u0103ria italian\u0103. Meniul satisface poftele celui mai \u00eenr\u0103it gurmand, paste \u2013 risotto \u2013 carne \u0219i binecunoscutele deserturi italiene.<\/p><\/div><\/div><\/div>[\/vc_column][vc_column width=&#8221;1\/2&#8243;]<div class=\"sec-image  add-rotat-header \"><div class=\"overlay-boxes__img\"><img src=\"https:\/\/trattoriatoscana.ro\/wp-content\/uploads\/2023\/08\/interior.jpg\" style=\"width:;height:;float:left;margin:;padding:;position:;top:;bottom:;right:;left:;\" alt=\"\" class=\"\"\/><\/div><\/div>[\/vc_column][\/vc_row][vc_row row_type=&#8221;main-section&#8221; wr_section_layout=&#8221;section_grid&#8221; wr_section_layout_grid=&#8221;section_layout_grid_flat&#8221; wr_fluid_style=&#8221;overlay-boxes left&#8221; wr_class_style=&#8221;layer_z&#8221; wr_z_index=&#8221;10&#8243;][vc_column width=&#8221;1\/2&#8243;]<div class=\"sec-image  add-rotat-header \"><div class=\"overlay-boxes__img\"><img src=\"https:\/\/trattoriatoscana.ro\/wp-content\/uploads\/2025\/01\/echipa-trattoria.png\" style=\"width:;height:;float:;margin:;padding:;position:;top:;bottom:;right:;left:;\" alt=\"\" class=\"\"\/><\/div><\/div>[\/vc_column][vc_column width=&#8221;1\/2&#8243;]<div class=\"sec-text  \" style=\"margin:; padding:;\"><div class=\"overlay-boxes__text  \"><div class=\"overlay-boxes__text-inside\"><h1 class=\"main-header\" style=\"color:; font-size:; font-weight:; line-height:; text-align:; text-transform:;\">Echipa<\/h1><p class=\"deco-text remove-pb-t\" style=\"color:; font-size:; font-weight:; line-height:; text-align:; text-transform:;\">Trattoria este \u00eentr-adev\u0103r \u0219i pe deplin o experien\u021b\u0103 care spune pove\u0219ti prin m\u00e2ncarea delicioas\u0103 (\u0219i n-o zicem doar noi), service, voie bun\u0103 \u0219i musai printr-o doz\u0103 s\u0103n\u0103toas\u0103 de nebunie.<\/p><\/div><\/div><\/div>[\/vc_column][\/vc_row][vc_row row_type=&#8221;main-section&#8221; wr_class_style=&#8221;layer_z&#8221; wr_z_index=&#8221;10&#8243;][vc_column]<div class=\"sec-banner \"><div class=\"separator custom-separator story-bg\" data-story-bg=\"https:\/\/trattoriatoscana.ro\/wp-content\/uploads\/2016\/06\/4.jpg\" data-stellar-background-ratio=\".5\" data-stellar-vertical-offset=\"1000\"><div class=\"separator__inner\"><h1 class=\"overlay-header\" style=\"color:; font-size:; font-weight:; line-height:; text-transform:;\">Vinuri de exceptie<\/h1><\/div><\/div><\/div>[\/vc_column][\/vc_row][vc_row row_type=&#8221;main-section&#8221; wr_section_layout=&#8221;section_grid&#8221; wr_section_layout_grid=&#8221;section_layout_grid_flat&#8221; wr_fluid_style=&#8221;same-height&#8221; wr_class_style=&#8221;layer_z&#8221; wr_default_pad=&#8221;no-padding&#8221; wr_z_index=&#8221;10&#8243;][vc_column width=&#8221;1\/3&#8243;]<div class=\"sec-text  float-center\" style=\"margin:; padding:;\"><div class=\"overlay-boxes__text with-bg-right with-center custom-with-center\"><div class=\"overlay-boxes__text-inside\"><h1 class=\"main-header\" style=\"color:; font-size:; font-weight:; line-height:; text-align:; text-transform:;\">Specialitati<\/h1><p class=\"deco-text remove-pb-t\" style=\"color:; font-size:; font-weight:; line-height:; text-align:; text-transform:;\">Pentru ca ne place sa aducem bucurie papilelor tale gustative,<\/p>\n<p>iti recomandam sa incerci una dintre specialitatile noastre<\/p><\/div><\/div><\/div>[\/vc_column][vc_column width=&#8221;2\/3&#8243;][wr_vc_foods][wr_vc_food img_url=&#8221;365&#8243; title=&#8221;Caracati\u021b\u0103 la tigaie&#8221; price=&#8221;92 lei&#8221;][wr_vc_food img_url=&#8221;367&#8243; title=&#8221;Ciolan de miel cu piure \u0219i sos de hrean&#8221; price=&#8221;89 lei&#8221;][wr_vc_food img_url=&#8221;369&#8243; title=&#8221;Vinete la cuptor&#8221; price=&#8221;39 lei&#8221;][wr_vc_food img_url=&#8221;371&#8243; title=&#8221;Sup\u0103 de fructe de mare&#8221; price=&#8221;58 lei&#8221;][wr_vc_food img_url=&#8221;372&#8243; title=&#8221;Risotto cu caracati\u021b\u0103&#8221; price=&#8221;72 lei&#8221;][wr_vc_food img_url=&#8221;374&#8243; title=&#8221;Paste cu creve\u021bi&#8221; price=&#8221;61 lei&#8221;][wr_vc_food img_url=&#8221;375&#8243; title=&#8221;Somon cu piure de maz\u0103re \u0219i sos de lime&#8221; price=&#8221;91 lei&#8221;][wr_vc_food img_url=&#8221;377&#8243; title=&#8221;Midi in sos de vin&#8221; price=&#8221;79 lei&#8221;][wr_vc_food img_url=&#8221;378&#8243; title=&#8221;Biban cu tartar de legume \u0219i sos de mu\u0219tar&#8221; price=&#8221;85 lei&#8221;][\/wr_vc_foods][\/vc_column][\/vc_row][vc_row row_type=&#8221;main-section&#8221; wr_class_style=&#8221;layer_z&#8221; wr_z_index=&#8221;10&#8243;][vc_column]<div class=\"sec-banner \"><div class=\"separator custom-separator story-bg\" data-story-bg=\"https:\/\/trattoriatoscana.ro\/wp-content\/uploads\/2016\/06\/2.jpg\" data-stellar-background-ratio=\".5\" data-stellar-vertical-offset=\"1000\"><div class=\"separator__inner\"><h1 class=\"overlay-header\" style=\"color:; font-size:; font-weight:; line-height:; text-transform:;\">Extrem de delicios<\/h1><\/div><\/div><\/div>[\/vc_column][\/vc_row]\n<\/section>","protected":false},"excerpt":{"rendered":"<p>[vc_row row_type=&#8221;main-section&#8221; wr_section_layout=&#8221;section_grid&#8221; wr_section_layout_grid=&#8221;section_layout_grid_flat&#8221; wr_fluid_style=&#8221;overlay-boxes&#8221; wr_class_style=&#8221;layer_z&#8221; wr_z_index=&#8221;10&#8243;][vc_column width=&#8221;1\/2&#8243;][\/vc_column][vc_column width=&#8221;1\/2&#8243;][\/vc_column][\/vc_row][vc_row row_type=&#8221;main-section&#8221; wr_section_layout=&#8221;section_grid&#8221; wr_section_layout_grid=&#8221;section_layout_grid_flat&#8221; wr_fluid_style=&#8221;overlay-boxes left&#8221; wr_class_style=&#8221;layer_z&#8221; wr_z_index=&#8221;10&#8243;][vc_column width=&#8221;1\/2&#8243;][\/vc_column][vc_column width=&#8221;1\/2&#8243;][\/vc_column][\/vc_row][vc_row row_type=&#8221;main-section&#8221; wr_class_style=&#8221;layer_z&#8221; wr_z_index=&#8221;10&#8243;][vc_column][\/vc_column][\/vc_row][vc_row row_type=&#8221;main-section&#8221; wr_section_layout=&#8221;section_grid&#8221; wr_section_layout_grid=&#8221;section_layout_grid_flat&#8221; wr_fluid_style=&#8221;same-height&#8221; wr_class_style=&#8221;layer_z&#8221; wr_default_pad=&#8221;no-padding&#8221; wr_z_index=&#8221;10&#8243;][vc_column width=&#8221;1\/3&#8243;][\/vc_column][vc_column width=&#8221;2\/3&#8243;][wr_vc_foods][wr_vc_food img_url=&#8221;365&#8243; title=&#8221;Caracati\u021b\u0103 la tigaie&#8221; price=&#8221;92 lei&#8221;][wr_vc_food img_url=&#8221;367&#8243; title=&#8221;Ciolan de miel cu piure \u0219i sos de hrean&#8221; price=&#8221;89 lei&#8221;][wr_vc_food img_url=&#8221;369&#8243; title=&#8221;Vinete la cuptor&#8221; price=&#8221;39 lei&#8221;][wr_vc_food img_url=&#8221;371&#8243; [&hellip;]<\/p>\n","protected":false},"author":1,"featured_media":0,"parent":0,"menu_order":0,"comment_status":"closed","ping_status":"closed","template":"home-page.php","meta":{"_monsterinsights_skip_tracking":false,"_monsterinsights_sitenote_active":false,"_monsterinsights_sitenote_note":"","_monsterinsights_sitenote_category":0,"_links_to":"","_links_to_target":""},"aioseo_notices":[],"_links":{"self":[{"href":"https:\/\/trattoriatoscana.ro\/index.php\/wp-json\/wp\/v2\/pages\/11"}],"collection":[{"href":"https:\/\/trattoriatoscana.ro\/index.php\/wp-json\/wp\/v2\/pages"}],"about":[{"href":"https:\/\/trattoriatoscana.ro\/index.php\/wp-json\/wp\/v2\/types\/page"}],"author":[{"embeddable":true,"href":"https:\/\/trattoriatoscana.ro\/index.php\/wp-json\/wp\/v2\/users\/1"}],"replies":[{"embeddable":true,"href":"https:\/\/trattoriatoscana.ro\/index.php\/wp-json\/wp\/v2\/comments?post=11"}],"version-history":[{"count":32,"href":"https:\/\/trattoriatoscana.ro\/index.php\/wp-json\/wp\/v2\/pages\/11\/revisions"}],"predecessor-version":[{"id":445,"href":"https:\/\/trattoriatoscana.ro\/index.php\/wp-json\/wp\/v2\/pages\/11\/revisions\/445"}],"wp:attachment":[{"href":"https:\/\/trattoriatoscana.ro\/index.php\/wp-json\/wp\/v2\/media?parent=11"}],"curies":[{"name":"wp","href":"https:\/\/api.w.org\/{rel}","templated":true}]}}